{"id":808,"date":"2021-10-08T15:19:53","date_gmt":"2021-10-08T13:19:53","guid":{"rendered":"http:\/\/ladolcevita.co.at\/wordpress\/?page_id=808"},"modified":"2021-10-08T15:53:21","modified_gmt":"2021-10-08T13:53:21","slug":"impressum","status":"publish","type":"page","link":"https:\/\/ladolcevita.co.at\/?page_id=808","title":{"rendered":"Impressum"},"content":{"rendered":"<div data-colibri-id=\"808-c1\" class=\"style-788 style-local-808-c1 position-relative\">\n  <!---->\n  <div data-colibri-component=\"section\" data-colibri-id=\"808-c2\" id=\"custom\" class=\"h-section h-section-global-spacing d-flex align-items-lg-center align-items-md-center align-items-center style-789 style-local-808-c2 position-relative\">\n    <!---->\n    <!---->\n    <div class=\"h-section-grid-container h-section-boxed-container\">\n      <!---->\n      <div data-colibri-id=\"808-c6\" class=\"h-row-container gutters-row-lg-2 gutters-row-md-2 gutters-row-0 gutters-row-v-lg-2 gutters-row-v-md-2 gutters-row-v-2 style-793 style-local-808-c6 position-relative\">\n        <!---->\n        <div class=\"h-row justify-content-lg-center justify-content-md-center justify-content-center align-items-lg-stretch align-items-md-stretch align-items-stretch gutters-col-lg-2 gutters-col-md-2 gutters-col-0 gutters-col-v-lg-2 gutters-col-v-md-2 gutters-col-v-2\">\n          <!---->\n          <div class=\"h-column h-column-container d-flex h-col-lg-auto h-col-md-auto h-col-auto style-794-outer style-local-808-c7-outer\">\n            <div data-colibri-id=\"808-c7\" class=\"d-flex h-flex-basis h-column__inner h-px-lg-2 h-px-md-2 h-px-2 v-inner-lg-2 v-inner-md-2 v-inner-2 style-794 style-local-808-c7 position-relative\">\n              <!---->\n              <!---->\n              <div class=\"w-100 h-y-container h-column__content h-column__v-align flex-basis-100 align-self-lg-start align-self-md-start align-self-start\">\n                <!---->\n                <div data-colibri-id=\"808-c9\" class=\"h-text h-text-component style-795 style-local-808-c9 position-relative h-element\">\n                  <!---->\n                  <!---->\n                  <div class=\"\">\n                    <p><span style=\"font-weight: 600; color: rgb(10, 10, 10);\">Inhaber<\/span><\/p>\n                    <p><span style=\"color: rgb(10, 10, 10);\">Herr<br>Simone Dosso<br>Heidenreichsteinerstra\u00dfe 57<br>A-3872 Aalfang<\/span><\/p>\n                    <p><span style=\"font-weight: 600; color: rgb(10, 10, 10);\">Handelsunternehmen<\/span><\/p>\n                    <p><span style=\"color: rgb(10, 10, 10);\">Tel. +43 (0) 2862 52695<br>Mobil +43 (0) 664 104 36 64<\/span>\n                      <a href=\"mailto:wohnstil@ladolcevita.co.at\" style=\"color: rgb(10, 10, 10);\">\n                        <br>\n                      <\/a>\n                      <a href=\"mailto:wohnstil@ladolcevita.co.at\" style=\"color: rgb(10, 10, 10); font-weight: 600;\">wohnstil@ladolcevita.co.at<\/a>\n                    <\/p>\n                    <p><span style=\"color: rgb(10, 10, 10); font-weight: 600;\">Gewerbebeh\u00f6rde<\/span><span style=\"color: rgb(10, 10, 10);\">: Bezirkshauptmannschaft Gm\u00fcnd\/N\u00d6<\/span><\/p>\n                    <p><span style=\"color: rgb(10, 10, 10);\">&nbsp;<\/span><\/p>\n                    <p><span style=\"color: rgb(10, 10, 10); font-weight: 600;\">Urheberrecht<\/span><\/p>\n                    <p><span style=\"color: rgb(10, 10, 10);\">Alle Texte, Bilder und Grafiken unterliegen dem Urheberrecht und anderen Gesetzen zum Schutz geistigen Eigentums. Sie d\u00fcrfen weder kopiert, noch ver\u00e4ndert und zu fremden Zwecken verwendet werden.<\/span><\/p>\n                    <p><span style=\"color: rgb(10, 10, 10);\">&nbsp;<\/span><\/p>\n                    <p><span style=\"color: rgb(10, 10, 10); font-weight: 600;\">Haftungshinweis<\/span><\/p>\n                    <p><span style=\"color: rgb(10, 10, 10);\">Trotz sorgf\u00e4ltiger inhaltlicher Kontrolle \u00fcbernimmt La dolce vita keine Haftung f\u00fcr die Inhalte externer Links. F\u00fcr den Inhalt der verlinkten Seiten sind ausschlie\u00dflich deren Betreiber verantwortlich.<\/span><\/p>\n                    <p><span style=\"color: rgb(10, 10, 10);\">&nbsp;<\/span><\/p>\n                    <p><span style=\"color: rgb(10, 10, 10); font-weight: 600;\">Haftungsausschluss<\/span><\/p>\n                    <p><span style=\"color: rgb(10, 10, 10);\">Die Informationen auf dieser Website wurden mit Sorgfalt zusammengestellt. Dennoch kann weder f\u00fcr die Vollst\u00e4ndigkeit noch f\u00fcr die Richtigkeit garantiert werden.<\/span><\/p>\n                    <p>\n                      <br>\n                    <\/p>\n                  <\/div>\n                <\/div>\n              <\/div>\n            <\/div>\n          <\/div>\n        <\/div>\n      <\/div>\n    <\/div>\n  <\/div>\n<\/div>","protected":false},"excerpt":{"rendered":"<p>Inhaber HerrSimone DossoHeidenreichsteinerstra\u00dfe 57A-3872 Aalfang Handelsunternehmen Tel. +43 (0) 2862 52695Mobil +43 (0) 664 104 36 64 wohnstil@ladolcevita.co.at Gewerbebeh\u00f6rde: Bezirkshauptmannschaft Gm\u00fcnd\/N\u00d6 &nbsp; Urheberrecht Alle Texte, Bilder und Grafiken unterliegen dem Urheberrecht und anderen Gesetzen zum Schutz geistigen Eigentums. Sie d\u00fcrfen weder kopiert, noch ver\u00e4ndert und zu fremden Zwecken verwendet werden. &nbsp; Haftungshinweis Trotz sorgf\u00e4ltiger inhaltlicher [&hellip;]<\/p>\n","protected":false},"author":1,"featured_media":0,"parent":0,"menu_order":0,"comment_status":"closed","ping_status":"closed","template":"page-templates\/full-width-page.php","meta":[],"_links":{"self":[{"href":"https:\/\/ladolcevita.co.at\/index.php?rest_route=\/wp\/v2\/pages\/808"}],"collection":[{"href":"https:\/\/ladolcevita.co.at\/index.php?rest_route=\/wp\/v2\/pages"}],"about":[{"href":"https:\/\/ladolcevita.co.at\/index.php?rest_route=\/wp\/v2\/types\/page"}],"author":[{"embeddable":true,"href":"https:\/\/ladolcevita.co.at\/index.php?rest_route=\/wp\/v2\/users\/1"}],"replies":[{"embeddable":true,"href":"https:\/\/ladolcevita.co.at\/index.php?rest_route=%2Fwp%2Fv2%2Fcomments&post=808"}],"version-history":[{"count":3,"href":"https:\/\/ladolcevita.co.at\/index.php?rest_route=\/wp\/v2\/pages\/808\/revisions"}],"predecessor-version":[{"id":821,"href":"https:\/\/ladolcevita.co.at\/index.php?rest_route=\/wp\/v2\/pages\/808\/revisions\/821"}],"wp:attachment":[{"href":"https:\/\/ladolcevita.co.at\/index.php?rest_route=%2Fwp%2Fv2%2Fmedia&parent=808"}],"curies":[{"name":"wp","href":"https:\/\/api.w.org\/{rel}","templated":true}]}}