{"id":334,"date":"2021-09-27T18:55:18","date_gmt":"2021-09-27T18:55:18","guid":{"rendered":"http:\/\/ladolcevita.co.at\/wordpress\/?page_id=334"},"modified":"2023-11-11T10:30:49","modified_gmt":"2023-11-11T09:30:49","slug":"ueber-uns","status":"publish","type":"page","link":"https:\/\/ladolcevita.co.at\/?page_id=334","title":{"rendered":"\u00dcber uns"},"content":{"rendered":"<div data-colibri-id=\"334-c1\" class=\"style-499 style-local-334-c1 position-relative\">\n  <!---->\n  <div data-colibri-component=\"section\" data-colibri-id=\"334-c2\" id=\"about\" class=\"h-section h-section-global-spacing d-flex align-items-lg-center align-items-md-center align-items-center style-500 style-local-334-c2 position-relative\">\n    <!---->\n    <!---->\n    <div class=\"h-section-grid-container h-section-boxed-container\">\n      <div data-colibri-id=\"334-c7\" class=\"h-row-container gutters-row-lg-2 gutters-row-md-2 gutters-row-2 gutters-row-v-lg-2 gutters-row-v-md-2 gutters-row-v-2 style-505 style-local-334-c7 position-relative\">\n        <!---->\n        <div class=\"h-row justify-content-lg-center justify-content-md-center justify-content-center align-items-lg-stretch align-items-md-stretch align-items-stretch gutters-col-lg-2 gutters-col-md-2 gutters-col-2 gutters-col-v-lg-2 gutters-col-v-md-2 gutters-col-v-2\">\n          <!---->\n          <div class=\"h-column h-column-container d-flex h-col-lg-auto h-col-md-auto h-col-auto style-506-outer style-local-334-c8-outer\">\n            <div data-colibri-id=\"334-c8\" class=\"d-flex h-flex-basis h-column__inner h-px-lg-2 h-px-md-2 h-px-2 v-inner-lg-2 v-inner-md-2 v-inner-2 style-506 style-local-334-c8 position-relative\">\n              <!---->\n              <!---->\n              <div class=\"w-100 h-y-container h-column__content h-column__v-align flex-basis-100 align-self-lg-start align-self-md-start align-self-start\">\n                <!---->\n                <div data-colibri-id=\"334-c9\" class=\"h-global-transition-all h-heading style-508 style-local-334-c9 position-relative h-element\">\n                  <!---->\n                  <div class=\"h-heading__outer style-508 style-local-334-c9\">\n                    <!---->\n                    <!---->\n                    <h2 class=\"\">Qualit\u00e4t und Design&nbsp;<em style=\"font-size: 133%; font-family: &quot;Playfair Display&quot;; color: rgb(244, 155, 3);\">seit 2002<\/em>.<\/h2>\n                  <\/div>\n                <\/div>\n                <div data-colibri-id=\"334-c24\" class=\"h-lead h-text h-text-component style-509 style-local-334-c24 position-relative h-element\">\n                  <!---->\n                  <!---->\n                  <div class=\"\">\n                    <p>Unser Gesch\u00e4ft wurde im Jahr 2002 in Amaliendorf gegr\u00fcndet. Zun\u00e4chst gab es nur einen kleinen, abgelegenen Schauraum.<\/p>\n                    <p>Seit 2012 bieten wir Ihnen in unserem neuen Schauraum, in Aalfang direkt neben der Bundesstra\u00dfe, Fliesen und Feinsteinzeugplatten sowie auch aktuelle K\u00fcchen, Badezimmereinrichtungen und Gartenartikel im klassischen und im modernen\n                      Stil an.<span style=\"font-size: 14pt;\"><br><br><\/span>Unsere Homepage soll einen \u00dcberblick \u00fcber unsere Ware und unsere Produkte vermitteln, die wir in unserem Gesch\u00e4ft anbieten.\n                      <br>In unserer Ausstellung finden Sie eine gro\u00dfe Auswahl an weiteren Modellen und Angeboten.<span style=\"font-size: 14pt;\"><br>Wir w\u00fcrden uns freuen, Sie pers\u00f6nlich in unserem Schauraum beraten zu d\u00fcrfen.<br>&nbsp;<\/span><\/p>\n                  <\/div>\n                <\/div>\n              <\/div>\n            <\/div>\n          <\/div>\n        <\/div>\n      <\/div>\n      <div data-colibri-id=\"334-c3\" class=\"h-row-container gutters-row-lg-0 gutters-row-md-0 gutters-row-0 gutters-row-v-lg-0 gutters-row-v-md-0 gutters-row-v-0 style-501 style-local-334-c3 h-overflow-hidden position-relative\">\n        <!---->\n        <div class=\"h-row justify-content-lg-center justify-content-md-center justify-content-center align-items-lg-end align-items-md-end align-items-end gutters-col-lg-0 gutters-col-md-0 gutters-col-0 gutters-col-v-lg-0 gutters-col-v-md-0 gutters-col-v-0\">\n          <!---->\n          <div class=\"h-column h-column-container d-flex h-col-lg-auto h-col-md-auto h-col-auto align-self-lg-end align-self-md-end align-self-end style-502-outer style-local-334-c4-outer\">\n            <div data-colibri-id=\"334-c4\" class=\"d-flex h-flex-basis h-column__inner h-ui-empty-state-container h-px-lg-0 h-px-md-0 h-px-0 v-inner-lg-0 v-inner-md-0 v-inner-0 style-502 style-local-334-c4 position-relative\">\n              <!---->\n              <!---->\n              <div class=\"w-100 h-y-container h-column__content h-column__v-align flex-basis-100\">\n                <!---->\n              <\/div>\n            <\/div>\n          <\/div>\n          <div class=\"h-column h-column-container d-flex h-col-lg-auto h-col-md-auto h-col-auto align-self-lg-end align-self-md-end align-self-end style-503-outer style-local-334-c5-outer\">\n            <div data-colibri-id=\"334-c5\" class=\"d-flex h-flex-basis h-column__inner h-ui-empty-state-container h-px-lg-0 h-px-md-0 h-px-0 v-inner-lg-0 v-inner-md-0 v-inner-0 style-503 style-local-334-c5 position-relative\">\n              <!---->\n              <!---->\n              <div class=\"w-100 h-y-container h-column__content h-column__v-align flex-basis-100\">\n                <!---->\n              <\/div>\n            <\/div>\n          <\/div>\n          <div class=\"h-column h-column-container d-flex h-col-lg-auto h-col-md-auto h-col-auto align-self-lg-end align-self-md-end align-self-end style-504-outer style-local-334-c6-outer\">\n            <div data-colibri-id=\"334-c6\" class=\"d-flex h-flex-basis h-column__inner h-ui-empty-state-container h-px-lg-0 h-px-md-0 h-px-0 v-inner-lg-0 v-inner-md-0 v-inner-0 style-504 style-local-334-c6 position-relative\">\n              <!---->\n              <!---->\n              <div class=\"w-100 h-y-container h-column__content h-column__v-align flex-basis-100\">\n                <!---->\n              <\/div>\n            <\/div>\n          <\/div>\n        <\/div>\n      <\/div>\n    <\/div>\n  <\/div>\n  <div data-colibri-component=\"section\" data-colibri-id=\"334-c11\" id=\"clients\" class=\"h-section h-section-global-spacing d-flex align-items-lg-center align-items-md-center align-items-center style-561 style-local-334-c11 position-relative\">\n    <!---->\n    <!---->\n    <div class=\"h-section-grid-container h-section-boxed-container\">\n      <div data-colibri-id=\"334-c19\" class=\"h-row-container gutters-row-lg-2 gutters-row-md-2 gutters-row-0 gutters-row-v-lg-2 gutters-row-v-md-2 gutters-row-v-2 style-574 style-local-334-c19 position-relative\">\n        <!---->\n        <div class=\"h-row justify-content-lg-center justify-content-md-center justify-content-center align-items-lg-stretch align-items-md-stretch align-items-stretch gutters-col-lg-2 gutters-col-md-2 gutters-col-0 gutters-col-v-lg-2 gutters-col-v-md-2 gutters-col-v-2\">\n          <!---->\n          <div class=\"h-column h-column-container d-flex h-col-lg-auto h-col-md-auto h-col-auto style-575-outer style-local-334-c20-outer\">\n            <div data-colibri-id=\"334-c20\" class=\"d-flex h-flex-basis h-column__inner h-px-lg-2 h-px-md-2 h-px-2 v-inner-lg-2 v-inner-md-2 v-inner-2 style-575 style-local-334-c20 position-relative\">\n              <!---->\n              <!---->\n              <div class=\"w-100 h-y-container h-column__content h-column__v-align flex-basis-100 align-self-lg-start align-self-md-start align-self-start\">\n                <!---->\n                <div data-colibri-id=\"334-c21\" class=\"h-global-transition-all h-heading style-576 style-local-334-c21 position-relative h-element\">\n                  <!---->\n                  <div class=\"h-heading__outer style-576 style-local-334-c21\">\n                    <!---->\n                    <!---->\n                    <h2 class=\"\"><span style=\"font-family: &quot;Playfair Display&quot;; color: rgb(244, 155, 3);\">Unsere Partner<\/span><\/h2>\n                  <\/div>\n                <\/div>\n              <\/div>\n            <\/div>\n          <\/div>\n        <\/div>\n      <\/div>\n      <div data-colibri-id=\"334-c12\" class=\"h-row-container gutters-row-lg-2 gutters-row-md-2 gutters-row-0 gutters-row-v-lg-2 gutters-row-v-md-2 gutters-row-v-2 style-562 style-local-334-c12 position-relative\">\n        <!---->\n        <div class=\"h-row justify-content-lg-center justify-content-md-center justify-content-center align-items-lg-stretch align-items-md-stretch align-items-stretch gutters-col-lg-2 gutters-col-md-2 gutters-col-0 gutters-col-v-lg-2 gutters-col-v-md-2 gutters-col-v-2\">\n          <!---->\n          <div class=\"h-column h-column-container d-flex h-col-lg-4 h-col-md-3 h-col-6 style-563-outer style-local-334-c13-outer\">\n            <div data-colibri-id=\"334-c13\" class=\"d-flex h-flex-basis h-column__inner h-px-lg-2 h-px-md-2 h-px-2 v-inner-lg-2 v-inner-md-2 v-inner-2 style-563 style-local-334-c13 position-relative\">\n              <!---->\n              <!---->\n              <div class=\"w-100 h-y-container h-column__content h-column__v-align flex-basis-100 align-self-lg-center align-self-md-center align-self-center\">\n                <!---->\n                <div data-colibri-id=\"334-c14\" class=\"d-block style-807 style-local-334-c14 position-relative h-element\">\n                  <!---->\n                  <div class=\"h-image__frame-container-outer\">\n                    <a href=\"https:\/\/www.forma2000.it\/ita\/\" h-use-smooth-scroll=\"true\" class=\"image-link\">\n                      <div class=\"h-image__frame-container\">\n                        <!---->\n                        <!---->\n                        <img decoding=\"async\" loading=\"lazy\" width=\"150\" height=\"150\" src=\"https:\/\/ladolcevita.co.at\/wp-content\/uploads\/2021\/10\/forma_logo.jpg\" class=\"wp-image-536 style-807-image style-local-334-c14-image\" alt=\"FORMA 2000\" \/>\n                        <div class=\"h-image__frame h-hide-lg h-hide-md h-hide-sm style-807-frameImage style-local-334-c14-frameImage\"><\/div>\n                      <\/div>\n                    <\/a>\n                  <\/div>\n                <\/div>\n              <\/div>\n            <\/div>\n          <\/div>\n          <div class=\"h-column h-column-container d-flex h-col-lg-4 h-col-md-3 h-col-6 style-563-outer style-local-334-c15-outer\">\n            <div data-colibri-id=\"334-c15\" class=\"d-flex h-flex-basis h-column__inner h-px-lg-2 h-px-md-2 h-px-2 v-inner-lg-2 v-inner-md-2 v-inner-2 style-563 style-local-334-c15 position-relative\">\n              <!---->\n              <!---->\n              <div class=\"w-100 h-y-container h-column__content h-column__v-align flex-basis-100 align-self-lg-center align-self-md-center align-self-center\">\n                <!---->\n                <div data-colibri-id=\"334-c16\" class=\"d-block style-808 style-local-334-c16 position-relative h-element\">\n                  <!---->\n                  <div class=\"h-image__frame-container-outer\">\n                    <a href=\"https:\/\/www.talkner.at\/\" h-use-smooth-scroll=\"true\" class=\"image-link\">\n                      <div class=\"h-image__frame-container\">\n                        <!---->\n                        <!---->\n                        <img decoding=\"async\" loading=\"lazy\" width=\"2560\" height=\"610\" src=\"https:\/\/ladolcevita.co.at\/wp-content\/uploads\/2021\/10\/TALKNER-scaled.jpg\" class=\"wp-image-537 style-808-image style-local-334-c16-image\" srcset=\"https:\/\/ladolcevita.co.at\/wp-content\/uploads\/2021\/10\/TALKNER-scaled.jpg 2560w, https:\/\/ladolcevita.co.at\/wp-content\/uploads\/2021\/10\/TALKNER-300x71.jpg 300w, https:\/\/ladolcevita.co.at\/wp-content\/uploads\/2021\/10\/TALKNER-1024x244.jpg 1024w, https:\/\/ladolcevita.co.at\/wp-content\/uploads\/2021\/10\/TALKNER-768x183.jpg 768w, https:\/\/ladolcevita.co.at\/wp-content\/uploads\/2021\/10\/TALKNER-1536x366.jpg 1536w, https:\/\/ladolcevita.co.at\/wp-content\/uploads\/2021\/10\/TALKNER-2048x488.jpg 2048w\" sizes=\"(max-width: 2560px) 100vw, 2560px\" alt=\"\" \/>\n                        <div class=\"h-image__frame h-hide-lg h-hide-md h-hide-sm style-808-frameImage style-local-334-c16-frameImage\"><\/div>\n                      <\/div>\n                    <\/a>\n                  <\/div>\n                <\/div>\n              <\/div>\n            <\/div>\n          <\/div>\n          <div class=\"h-column h-column-container d-flex h-col-lg-4 h-col-md-3 h-col-6 style-563-outer style-local-334-c17-outer\">\n            <div data-colibri-id=\"334-c17\" class=\"d-flex h-flex-basis h-column__inner h-px-lg-2 h-px-md-2 h-px-2 v-inner-lg-2 v-inner-md-2 v-inner-2 style-563 style-local-334-c17 position-relative\">\n              <!---->\n              <!---->\n              <div class=\"w-100 h-y-container h-column__content h-column__v-align flex-basis-100 align-self-lg-center align-self-md-center align-self-center\">\n                <!---->\n                <div data-colibri-id=\"334-c18\" class=\"d-block style-809 style-local-334-c18 position-relative h-element\">\n                  <!---->\n                  <div class=\"h-image__frame-container-outer\">\n                    <a href=\"http:\/\/www.tischlerei-weissinger.at\/\" h-use-smooth-scroll=\"true\" class=\"image-link\">\n                      <div class=\"h-image__frame-container\">\n                        <!---->\n                        <!---->\n                        <img decoding=\"async\" loading=\"lazy\" width=\"976\" height=\"307\" src=\"https:\/\/ladolcevita.co.at\/wp-content\/uploads\/2021\/10\/cropped-panner-neu2.jpg\" class=\"wp-image-539 style-809-image style-local-334-c18-image\" srcset=\"https:\/\/ladolcevita.co.at\/wp-content\/uploads\/2021\/10\/cropped-panner-neu2.jpg 976w, https:\/\/ladolcevita.co.at\/wp-content\/uploads\/2021\/10\/cropped-panner-neu2-300x94.jpg 300w, https:\/\/ladolcevita.co.at\/wp-content\/uploads\/2021\/10\/cropped-panner-neu2-768x242.jpg 768w\" sizes=\"(max-width: 976px) 100vw, 976px\" alt=\"\" \/>\n                        <div class=\"h-image__frame h-hide-lg h-hide-md h-hide-sm style-809-frameImage style-local-334-c18-frameImage\"><\/div>\n                      <\/div>\n                    <\/a>\n                  <\/div>\n                <\/div>\n              <\/div>\n            <\/div>\n          <\/div>\n        <\/div>\n      <\/div>\n      <div data-colibri-id=\"334-c22\" class=\"h-row-container gutters-row-lg-2 gutters-row-md-2 gutters-row-0 gutters-row-v-lg-2 gutters-row-v-md-2 gutters-row-v-2 style-980 style-local-334-c22 position-relative\">\n        <!---->\n        <div class=\"h-row justify-content-lg-center justify-content-md-center justify-content-center align-items-lg-stretch align-items-md-stretch align-items-stretch gutters-col-lg-2 gutters-col-md-2 gutters-col-0 gutters-col-v-lg-2 gutters-col-v-md-2 gutters-col-v-2\">\n          <!---->\n          <div class=\"h-column h-column-container d-flex h-col-lg-auto h-col-md-auto h-col-auto style-981-outer style-local-334-c23-outer\">\n            <div data-colibri-id=\"334-c23\" class=\"d-flex h-flex-basis h-column__inner h-ui-empty-state-container h-px-lg-2 h-px-md-2 h-px-2 v-inner-lg-2 v-inner-md-2 v-inner-2 style-981 style-local-334-c23 position-relative\">\n              <!---->\n              <!---->\n              <div class=\"w-100 h-y-container h-column__content h-column__v-align flex-basis-100\">\n                <!---->\n              <\/div>\n            <\/div>\n          <\/div>\n        <\/div>\n      <\/div>\n    <\/div>\n  <\/div>\n<\/div>","protected":false},"excerpt":{"rendered":"<p>Qualit\u00e4t und Design&nbsp;seit 2002. Unser Gesch\u00e4ft wurde im Jahr 2002 in Amaliendorf gegr\u00fcndet. Zun\u00e4chst gab es nur einen kleinen, abgelegenen Schauraum. Seit 2012 bieten wir Ihnen in unserem neuen Schauraum, in Aalfang direkt neben der Bundesstra\u00dfe, Fliesen und Feinsteinzeugplatten sowie auch aktuelle K\u00fcchen, Badezimmereinrichtungen und Gartenartikel im klassischen und im modernen Stil an.Unsere Homepage soll [&hellip;]<\/p>\n","protected":false},"author":1,"featured_media":0,"parent":0,"menu_order":0,"comment_status":"closed","ping_status":"closed","template":"page-templates\/full-width-page.php","meta":[],"_links":{"self":[{"href":"https:\/\/ladolcevita.co.at\/index.php?rest_route=\/wp\/v2\/pages\/334"}],"collection":[{"href":"https:\/\/ladolcevita.co.at\/index.php?rest_route=\/wp\/v2\/pages"}],"about":[{"href":"https:\/\/ladolcevita.co.at\/index.php?rest_route=\/wp\/v2\/types\/page"}],"author":[{"embeddable":true,"href":"https:\/\/ladolcevita.co.at\/index.php?rest_route=\/wp\/v2\/users\/1"}],"replies":[{"embeddable":true,"href":"https:\/\/ladolcevita.co.at\/index.php?rest_route=%2Fwp%2Fv2%2Fcomments&post=334"}],"version-history":[{"count":20,"href":"https:\/\/ladolcevita.co.at\/index.php?rest_route=\/wp\/v2\/pages\/334\/revisions"}],"predecessor-version":[{"id":1476,"href":"https:\/\/ladolcevita.co.at\/index.php?rest_route=\/wp\/v2\/pages\/334\/revisions\/1476"}],"wp:attachment":[{"href":"https:\/\/ladolcevita.co.at\/index.php?rest_route=%2Fwp%2Fv2%2Fmedia&parent=334"}],"curies":[{"name":"wp","href":"https:\/\/api.w.org\/{rel}","templated":true}]}}